{"id":18187,"date":"2016-03-10T18:51:46","date_gmt":"2016-03-10T18:51:46","guid":{"rendered":"https:\/\/real-estate-gr.create-site.gr\/terms-and-conditions\/"},"modified":"2023-05-23T08:30:27","modified_gmt":"2023-05-23T08:30:27","slug":"termeni-si-conditii","status":"publish","type":"page","link":"https:\/\/real-estate-in-greece.com\/ro\/termeni-si-conditii\/","title":{"rendered":"TERMENI \u0218I CONDI\u021aII"},"content":{"rendered":"<p>Urm\u0103torii termeni \u0219i condi\u021bii constituie un acord obligatoriu din punct de vedere juridic \u00eentre utilizator \u0219i Companie cu privire la utilizarea acestui site web \u0219i utilizarea informa\u021biilor furnizate prin intermediul acestuia. Acceptarea acestor termeni \u0219i condi\u021bii nu creeaz\u0103 o rela\u021bie avocat-client \u00eentre Companie \u0219i utilizator.<\/p>\n<p>Utilizatorii trebuie s\u0103 citeasc\u0103 urm\u0103torii termeni \u0219i s\u0103-i accepte, dac\u0103 sunt de acord cu ei. \u00cen caz contrar, trebuie s\u0103 se ab\u021bin\u0103 de la utilizarea site-ului web. Prin navigarea pe acest site, presupunem c\u0103 utilizatorii accept\u0103 pe deplin termenii \u0219i condi\u021biile sale.<\/p>\n<p>Compania \u00ee\u0219i rezerv\u0103 dreptul de a modifica, ad\u0103uga sau elimina por\u021biuni din ace\u0219ti termeni la discre\u021bia sa, \u00een orice moment, prin publicarea termenilor modifica\u021bi. Utilizatorii sunt sf\u0103tui\u021bi s\u0103 verifice periodic ace\u0219ti termeni pentru modific\u0103ri. Navigarea pe acest site web, dup\u0103 publicarea modific\u0103rilor, constituie acceptarea obligatorie de c\u0103tre utilizatori a unor astfel de modific\u0103ri.<\/p>\n<p>Orice utilizatori ai serviciilor site-ului nostru sunt obliga\u021bi s\u0103 fac\u0103 acest lucru \u00een conformitate cu ace\u0219ti termeni \u0219i cu legea \u0219i s\u0103 nu se angajeze \u00een acte sau omisiuni care pot provoca daune func\u021bion\u0103rii sale sau drepturilor de proprietate intelectual\u0103 ale ter\u021bilor.<\/p>\n<p><strong><b>Proprietate intelectual\u0103<\/b><\/strong><\/p>\n<p>Toate imaginile, textul, grafica, fisierele video, multimedia, programele si alte materiale de pe acest Site sunt protejate de toate legile aplicabile din Grecia, Europa si Internationale privind proprietatea intelectuala, inclusiv legile privind drepturile de autor si marcile comerciale, si sunt detinute de AAA REAL-ESTATE LAW&amp;TRANSLATIONS SRL.<\/p>\n<p>Con\u021binutul site-ului web este furnizat numai pentru uz personal \u0219i necomercial. Orice reproducere, distribuire, modificare sau publicare a con\u021binutului g\u0103sit \u0219i publicat pe acest site este interzis\u0103 f\u0103r\u0103 consim\u021b\u0103m\u00e2ntul scris expres al proprietarului site-ului web.<\/p>\n<p><strong><b>Responsabilitatea utilizatorului<\/b><\/strong><\/p>\n<p>Utilizatorii \u00ee\u0219i asum\u0103 toat\u0103 responsabilitatea utiliz\u0103rii site-ului, sunt singurii responsabili pentru interac\u021biunile lor cu al\u021bi utilizatori \u0219i vor exercita pruden\u021b\u0103, discre\u021bie, bun sim\u021b \u0219i judecat\u0103 \u00een utilizarea site-ului web \u0219i a serviciilor \u0219i divulgarea informa\u021biilor personale c\u0103tre al\u021bi utilizatori. Utilizatorii sunt de acord s\u0103 ia m\u0103suri de precau\u021bie rezonabile \u00een toate interac\u021biunile cu al\u021bi utilizatori, \u00een special dac\u0103 decid s\u0103 comunice cu utilizatorii offline sau s\u0103 \u00eei \u00eent\u00e2lneasc\u0103 personal.<\/p>\n<p>Utilizarea de c\u0103tre utilizatori a site-ului web, a serviciilor \u0219i a oric\u0103rui alt con\u021binut pus la dispozi\u021bie prin intermediul site-ului web sau al serviciilor este pe riscul \u0219i discre\u021bia exclusiv\u0103 a utilizatorilor, iar compania \u00ee\u0219i declin\u0103 prin prezenta orice r\u0103spundere fa\u021b\u0103 de utilizatori sau fa\u021b\u0103 de orice ter\u021b\u0103 parte \u00een leg\u0103tur\u0103 cu acestea.<\/p>\n<p>Compania nu este responsabil\u0103 pentru acurate\u021bea descrierii loca\u021biei propriet\u0103\u021bilor sau pentru orice modificare a detaliilor acestora. Compania nu este responsabil\u0103 pentru niciun fel de daune suferite de utilizatori \u00een urma navig\u0103rii pe acest site sau pentru orice defec\u021biuni legate de software-ul utilizatorilor sau de disponibilitatea internetului.<\/p>\n<p>\u00cen special, societatea nu este responsabil\u0103 pentru niciun viciu real sau juridic al propriet\u0103\u021bii indicate, deoarece proprietarul propriet\u0103\u021bii r\u0103m\u00e2ne singurul responsabil. De asemenea, compania nu este responsabil\u0103 \u00een cazul lipsei de caracteristici ale propriet\u0103\u021bii.<\/p>\n<p>Compania nu este responsabil\u0103 pentru inspec\u021bia juridic\u0103 \u0219i tehnic\u0103 a propriet\u0103\u021bilor care pot fi efectuate de un avocat care lucreaz\u0103 cu noi \u0219i nici nu este responsabil\u0103 pentru orice erori tehnice, tipografice sau de ortografie \u00een pre\u021burile sau caracteristicile produselor.<\/p>\n<p>Compania \u00ee\u0219i declin\u0103 orice r\u0103spundere care ar putea fi asumat\u0103 de noi pentru recomandarea avoca\u021bilor, contabililor, inginerilor sau a altor profesioni\u0219ti clien\u021bilor no\u0219tri.<\/p>\n","protected":false},"excerpt":{"rendered":"<p>Urm\u0103torii termeni \u0219i condi\u021bii constituie un acord obligatoriu din punct de vedere juridic \u00eentre utilizator \u0219i Companie cu privire la utilizarea acestui site web \u0219i utilizarea informa\u021biilor furnizate prin intermediul acestuia. Acceptarea acestor termeni \u0219i condi\u021bii nu creeaz\u0103 o rela\u021bie avocat-client \u00eentre Companie \u0219i utilizator. Utilizatorii trebuie s\u0103 citeasc\u0103 urm\u0103torii termeni \u0219i s\u0103-i accepte, dac\u0103 [&hellip;]<\/p>\n","protected":false},"author":4,"featured_media":0,"parent":0,"menu_order":0,"comment_status":"closed","ping_status":"closed","template":"template\/template-page.php","meta":{"footnotes":""},"class_list":["post-18187","page","type-page","status-publish","hentry"],"_links":{"self":[{"href":"https:\/\/real-estate-in-greece.com\/ro\/wp-json\/wp\/v2\/pages\/18187","targetHints":{"allow":["GET"]}}],"collection":[{"href":"https:\/\/real-estate-in-greece.com\/ro\/wp-json\/wp\/v2\/pages"}],"about":[{"href":"https:\/\/real-estate-in-greece.com\/ro\/wp-json\/wp\/v2\/types\/page"}],"author":[{"embeddable":true,"href":"https:\/\/real-estate-in-greece.com\/ro\/wp-json\/wp\/v2\/users\/4"}],"replies":[{"embeddable":true,"href":"https:\/\/real-estate-in-greece.com\/ro\/wp-json\/wp\/v2\/comments?post=18187"}],"version-history":[{"count":1,"href":"https:\/\/real-estate-in-greece.com\/ro\/wp-json\/wp\/v2\/pages\/18187\/revisions"}],"predecessor-version":[{"id":18188,"href":"https:\/\/real-estate-in-greece.com\/ro\/wp-json\/wp\/v2\/pages\/18187\/revisions\/18188"}],"wp:attachment":[{"href":"https:\/\/real-estate-in-greece.com\/ro\/wp-json\/wp\/v2\/media?parent=18187"}],"curies":[{"name":"wp","href":"https:\/\/api.w.org\/{rel}","templated":true}]}}