{"id":17914,"date":"2016-03-16T19:50:28","date_gmt":"2016-03-16T19:50:28","guid":{"rendered":"https:\/\/real-estate-gr.create-site.gr\/contact\/"},"modified":"2025-03-18T14:38:32","modified_gmt":"2025-03-18T14:38:32","slug":"contact","status":"publish","type":"page","link":"https:\/\/real-estate-in-greece.com\/ro\/contact\/","title":{"rendered":"Contact"},"content":{"rendered":"\t\t<div data-elementor-type=\"wp-post\" data-elementor-id=\"17914\" class=\"elementor elementor-17914 elementor-1100\">\n\t\t\t\t\t\t<section class=\"elementor-section elementor-top-section elementor-element elementor-element-17221519 elementor-section-boxed elementor-section-height-default elementor-section-height-default\" data-id=\"17221519\" data-element_type=\"section\">\n\t\t\t\t\t\t<div class=\"elementor-container elementor-column-gap-default\">\n\t\t\t\t\t<div class=\"elementor-column elementor-col-100 elementor-top-column elementor-element elementor-element-75ab0490\" data-id=\"75ab0490\" data-element_type=\"column\">\n\t\t\t<div class=\"elementor-widget-wrap elementor-element-populated\">\n\t\t\t\t\t\t<div class=\"elementor-element elementor-element-471b5610 elementor-widget elementor-widget-houzez_elementor_space\" data-id=\"471b5610\" data-element_type=\"widget\" data-widget_type=\"houzez_elementor_space.default\">\n\t\t\t\t<div class=\"elementor-widget-container\">\n\t\t\t        <div class=\"houzez-spacer\">\n            <div class=\"houzez-spacer-inner\"><\/div>\n        <\/div>\n        \t\t<\/div>\n\t\t\t\t<\/div>\n\t\t\t\t<div class=\"elementor-element elementor-element-5a09826e elementor-widget elementor-widget-heading\" data-id=\"5a09826e\" data-element_type=\"widget\" data-widget_type=\"heading.default\">\n\t\t\t\t<div class=\"elementor-widget-container\">\n\t\t\t<style>\/*! elementor - v3.22.0 - 26-06-2024 *\/\n.elementor-heading-title{padding:0;margin:0;line-height:1}.elementor-widget-heading .elementor-heading-title[class*=elementor-size-]>a{color:inherit;font-size:inherit;line-height:inherit}.elementor-widget-heading .elementor-heading-title.elementor-size-small{font-size:15px}.elementor-widget-heading .elementor-heading-title.elementor-size-medium{font-size:19px}.elementor-widget-heading .elementor-heading-title.elementor-size-large{font-size:29px}.elementor-widget-heading .elementor-heading-title.elementor-size-xl{font-size:39px}.elementor-widget-heading .elementor-heading-title.elementor-size-xxl{font-size:59px}<\/style><h1 class=\"elementor-heading-title elementor-size-xl\">CONTACTA\u021aI-NE<\/h1>\t\t<\/div>\n\t\t\t\t<\/div>\n\t\t\t\t<div class=\"elementor-element elementor-element-21c55ecf elementor-widget elementor-widget-heading\" data-id=\"21c55ecf\" data-element_type=\"widget\" data-widget_type=\"heading.default\">\n\t\t\t\t<div class=\"elementor-widget-container\">\n\t\t\t<p class=\"elementor-heading-title elementor-size-medium\">Oferim propriet\u0103\u021bi unice potrivite pentru orice tip de confort<\/p>\t\t<\/div>\n\t\t\t\t<\/div>\n\t\t\t\t<div class=\"elementor-element elementor-element-374aee2 elementor-widget elementor-widget-houzez_elementor_space\" data-id=\"374aee2\" data-element_type=\"widget\" data-widget_type=\"houzez_elementor_space.default\">\n\t\t\t\t<div class=\"elementor-widget-container\">\n\t\t\t        <div class=\"houzez-spacer\">\n            <div class=\"houzez-spacer-inner\"><\/div>\n        <\/div>\n        \t\t<\/div>\n\t\t\t\t<\/div>\n\t\t\t\t\t<\/div>\n\t\t<\/div>\n\t\t\t\t\t<\/div>\n\t\t<\/section>\n\t\t\t\t<section class=\"elementor-section elementor-top-section elementor-element elementor-element-6d834ca0 elementor-section-boxed elementor-section-height-default elementor-section-height-default\" data-id=\"6d834ca0\" data-element_type=\"section\">\n\t\t\t\t\t\t<div class=\"elementor-container elementor-column-gap-default\">\n\t\t\t\t\t<div class=\"elementor-column elementor-col-50 elementor-top-column elementor-element elementor-element-3987d9c8\" data-id=\"3987d9c8\" data-element_type=\"column\">\n\t\t\t<div class=\"elementor-widget-wrap elementor-element-populated\">\n\t\t\t\t\t\t<div class=\"elementor-element elementor-element-258569e elementor-button-align-stretch elementor-widget elementor-widget-houzez_elementor_contact_form\" data-id=\"258569e\" data-element_type=\"widget\" data-widget_type=\"houzez_elementor_contact_form.default\">\n\t\t\t\t<div class=\"elementor-widget-container\">\n\t\t\t\n        <script type=\"application\/javascript\">\n            jQuery(document).bind(\"ready\", function () {\n                houzezValidateElementor(\"#houzez-form-258569e\" );\n            });\n        <\/script>\n\n        <form class=\"elementor-form\" id=\"houzez-form-258569e\" method=\"post\" name=\"New Form\" action=\"https:\/\/real-estate-in-greece.com\/wp-admin\/admin-ajax.php\">\n            <input type=\"hidden\" name=\"form_id\" value=\"258569e\"\/>\n            <input type=\"hidden\" name=\"houzez_contact_form\" value=\"yes\"\/>\n            <input type=\"hidden\" name=\"action\" value=\"houzez_ele_contact_form\" \/>\n            <input type=\"hidden\" name=\"source_link\" value=\"https:\/\/real-estate-in-greece.com\/ro\/contact\/\" \/>\n            <input type=\"hidden\" name=\"lead_page_id\" value=\"17914\" \/>\n            <input type=\"hidden\" name=\"email_to\" value=\"hello@favethemes.com\" \/>\n            <input type=\"hidden\" name=\"email_subject\" value=\"New message from &quot;Houzez - Highly Customizable Real Estate WordPress Theme&quot;\" \/>\n            <input type=\"hidden\" name=\"email_to_cc\" value=\"\" \/>\n            <input type=\"hidden\" name=\"email_to_bcc\" value=\"\" \/>\n            <input type=\"hidden\" name=\"webhook\" value=\"false\" \/>\n            <input type=\"hidden\" name=\"webhook_url\" value=\"\" \/>\n            <input type=\"hidden\" name=\"redirect_to\" value=\"\" \/>\n            <input type=\"hidden\" name=\"google_recaptcha\" value=\"yes\" \/>\n            \n\n            <div class=\"elementor-form-fields-wrapper elementor-labels-above\">\n\n                                    <div class=\"elementor-field-group elementor-column form-group elementor-field-group-name elementor-col-50\">\n                    <label for=\"form-field-name\" class=\"elementor-field-label\">Nume<\/label><input type=\"text\" name=\"first_name\" id=\"form-field-name\" class=\"elementor-field form-control elementor-size-sm elementor-field-textual\" placeholder=\"Nume\" title=\"* Nume\">                    <\/div>\n\n                                        <div class=\"elementor-field-group elementor-column form-group elementor-field-group-e30da64 elementor-col-50\">\n                    <label for=\"form-field-e30da64\" class=\"elementor-field-label\">Nume de familie<\/label><input type=\"text\" name=\"last_name\" id=\"form-field-e30da64\" class=\"elementor-field form-control elementor-size-sm elementor-field-textual\" placeholder=\"Nume de familie\" title=\"* Nume de familie\">                    <\/div>\n\n                                        <div class=\"elementor-field-group elementor-column form-group elementor-field-group-email elementor-col-100 elementor-field-required\">\n                    <label for=\"form-field-email\" class=\"elementor-field-label\">Email<\/label><input type=\"email\" name=\"email\" id=\"form-field-email\" class=\"elementor-field form-control elementor-size-sm elementor-field-textual\" placeholder=\"Email\" title=\"* Email\" required=\"required\">                    <\/div>\n\n                                        <div class=\"elementor-field-group elementor-column form-group elementor-field-group-message elementor-col-100\">\n                    <label for=\"form-field-message\" class=\"elementor-field-label\">Mesaj<\/label><textarea class=\"elementor-field-textual elementor-field elementor-size-sm\" name=\"message\" id=\"form-field-message\" rows=\"4\" placeholder=\"Mesaj\"><\/textarea>                    <\/div>\n\n                    \n                                        <div class=\"houzez-gdpr-agreement elementor-field-group elementor-col-100\">\n                        <label for=\"gdpr_agreement\" class=\"elementor-field-label\"> Accept termenii \u0219i politica de confiden\u021bialitate a site-ului<\/label>\n                        <div class=\"gdpr-agreement-subgroup\">\n                            <span class=\"gdpr-field-option\">\n                                <label class=\"gdpr-text\" for=\"gdpr_agreement\">\n                                    <input required type=\"checkbox\" name=\"gdpr_agreement\" id=\"gdpr_agreement\" title=\"*  Accept termenii \u0219i politica de confiden\u021bialitate a site-ului\">   Accept termenii \u0219i politica de confiden\u021bialitate a site-ului                                <\/label>\n                            <\/span>\n                        <\/div>             \n                    <\/div>\n                    \n                                        <div class=\"\">\n                        <div class=\"form-group captcha_wrapper houzez-grecaptcha-v3\">\n    <div class=\"houzez_google_reCaptcha\"><\/div>\n<\/div>\n                    <\/div>\n                    \n                    <div class=\"elementor-field-group elementor-column elementor-field-type-submit elementor-col-100\">\n                    <button type=\"submit\" class=\"btn houzez-submit-button houzez-contact-form-js elementor-button elementor-size-sm\">\n                        <i class=\"btn-loader houzez-loader-js\"><\/i>\n                                                    Trimite                                            <\/button>\n                <\/div>\n            <\/div><!-- End wrapper-->\n            <br\/>\n            <div class=\"ele-form-messages\"><\/div>\n            <div class=\"error-container\"><\/div>\n\n        <\/form>\n\n    \t\t<\/div>\n\t\t\t\t<\/div>\n\t\t\t\t\t<\/div>\n\t\t<\/div>\n\t\t\t\t<div class=\"elementor-column elementor-col-50 elementor-top-column elementor-element elementor-element-4f150150\" data-id=\"4f150150\" data-element_type=\"column\">\n\t\t\t<div class=\"elementor-widget-wrap elementor-element-populated\">\n\t\t\t\t\t\t<div class=\"elementor-element elementor-element-7aaaab76 elementor-widget__width-initial elementor-widget elementor-widget-text-editor\" data-id=\"7aaaab76\" data-element_type=\"widget\" data-widget_type=\"text-editor.default\">\n\t\t\t\t<div class=\"elementor-widget-container\">\n\t\t\t<style>\/*! elementor - v3.22.0 - 26-06-2024 *\/\n.elementor-widget-text-editor.elementor-drop-cap-view-stacked .elementor-drop-cap{background-color:#69727d;color:#fff}.elementor-widget-text-editor.elementor-drop-cap-view-framed .elementor-drop-cap{color:#69727d;border:3px solid;background-color:transparent}.elementor-widget-text-editor:not(.elementor-drop-cap-view-default) .elementor-drop-cap{margin-top:8px}.elementor-widget-text-editor:not(.elementor-drop-cap-view-default) .elementor-drop-cap-letter{width:1em;height:1em}.elementor-widget-text-editor .elementor-drop-cap{float:left;text-align:center;line-height:1;font-size:50px}.elementor-widget-text-editor .elementor-drop-cap-letter{display:inline-block}<\/style>\t\t\t\t<p class=\"padding-top\"><strong>Pentru toate \u00eentreb\u0103rile v\u0103 rug\u0103m s\u0103 contacta\u021bi:<\/strong><\/p><p><strong>Andreas Lefter\u00a0<\/strong><\/p><p>Public Relations Manager<\/p><p><strong>Telefoane:<\/strong> +40741710188 \/ +306909390300<\/p><p><strong>Emails: <\/strong>andreas@real-estate-in-greece.com \/ casapeplaja@gmail.com<\/p><p><strong>Atena:<\/strong> Str. Alex Papanastasiou, nr 37-39, cod postal 1545, Neo Psychiko<\/p><p><strong>Bucure\u0219ti:<\/strong> Calea Victoriei, nr 155, Bl D1, Tr 6, et 9, cod postal 010073, sect 1<\/p>\t\t\t\t\t\t<\/div>\n\t\t\t\t<\/div>\n\t\t\t\t\t<\/div>\n\t\t<\/div>\n\t\t\t\t\t<\/div>\n\t\t<\/section>\n\t\t\t\t<section class=\"elementor-section elementor-top-section elementor-element elementor-element-484ae7d elementor-section-boxed elementor-section-height-default elementor-section-height-default\" data-id=\"484ae7d\" data-element_type=\"section\">\n\t\t\t\t\t\t<div class=\"elementor-container elementor-column-gap-default\">\n\t\t\t\t\t<div class=\"elementor-column elementor-col-100 elementor-top-column elementor-element elementor-element-d92c422\" data-id=\"d92c422\" data-element_type=\"column\">\n\t\t\t<div class=\"elementor-widget-wrap elementor-element-populated\">\n\t\t\t\t\t\t<div class=\"elementor-element elementor-element-c99f6eb elementor-widget elementor-widget-houzez_elementor_space\" data-id=\"c99f6eb\" data-element_type=\"widget\" data-widget_type=\"houzez_elementor_space.default\">\n\t\t\t\t<div class=\"elementor-widget-container\">\n\t\t\t        <div class=\"houzez-spacer\">\n            <div class=\"houzez-spacer-inner\"><\/div>\n        <\/div>\n        \t\t<\/div>\n\t\t\t\t<\/div>\n\t\t\t\t\t<\/div>\n\t\t<\/div>\n\t\t\t\t\t<\/div>\n\t\t<\/section>\n\t\t\t\t<\/div>\n\t\t","protected":false},"excerpt":{"rendered":"<p>CONTACTA\u021aI-NE Oferim propriet\u0103\u021bi unice potrivite pentru orice tip de confort Nume Nume de familie Email Mesaj Accept termenii \u0219i politica de confiden\u021bialitate a site-ului Accept termenii \u0219i politica de confiden\u021bialitate a site-ului Trimite Pentru toate \u00eentreb\u0103rile v\u0103 rug\u0103m s\u0103 contacta\u021bi: Andreas Lefter\u00a0 Public Relations Manager Telefoane: +40741710188 \/ +306909390300 Emails: andreas@real-estate-in-greece.com \/ casapeplaja@gmail.com Atena: Str. [&hellip;]<\/p>\n","protected":false},"author":4,"featured_media":0,"parent":0,"menu_order":0,"comment_status":"closed","ping_status":"closed","template":"elementor_header_footer","meta":{"footnotes":""},"class_list":["post-17914","page","type-page","status-publish","hentry"],"_links":{"self":[{"href":"https:\/\/real-estate-in-greece.com\/ro\/wp-json\/wp\/v2\/pages\/17914","targetHints":{"allow":["GET"]}}],"collection":[{"href":"https:\/\/real-estate-in-greece.com\/ro\/wp-json\/wp\/v2\/pages"}],"about":[{"href":"https:\/\/real-estate-in-greece.com\/ro\/wp-json\/wp\/v2\/types\/page"}],"author":[{"embeddable":true,"href":"https:\/\/real-estate-in-greece.com\/ro\/wp-json\/wp\/v2\/users\/4"}],"replies":[{"embeddable":true,"href":"https:\/\/real-estate-in-greece.com\/ro\/wp-json\/wp\/v2\/comments?post=17914"}],"version-history":[{"count":42,"href":"https:\/\/real-estate-in-greece.com\/ro\/wp-json\/wp\/v2\/pages\/17914\/revisions"}],"predecessor-version":[{"id":19005,"href":"https:\/\/real-estate-in-greece.com\/ro\/wp-json\/wp\/v2\/pages\/17914\/revisions\/19005"}],"wp:attachment":[{"href":"https:\/\/real-estate-in-greece.com\/ro\/wp-json\/wp\/v2\/media?parent=17914"}],"curies":[{"name":"wp","href":"https:\/\/api.w.org\/{rel}","templated":true}]}}