{"id":17911,"date":"2016-06-20T23:11:03","date_gmt":"2016-06-20T23:11:03","guid":{"rendered":"https:\/\/real-estate-gr.create-site.gr\/about-us\/"},"modified":"2023-05-31T12:19:36","modified_gmt":"2023-05-31T12:19:36","slug":"despre-noi","status":"publish","type":"page","link":"https:\/\/real-estate-in-greece.com\/ro\/despre-noi\/","title":{"rendered":"Despre noi"},"content":{"rendered":"\t\t<div data-elementor-type=\"wp-post\" data-elementor-id=\"17911\" class=\"elementor elementor-17911 elementor-1656\">\n\t\t\t\t\t\t<section class=\"elementor-section elementor-top-section elementor-element elementor-element-7aabf0d elementor-section-boxed elementor-section-height-default elementor-section-height-default\" data-id=\"7aabf0d\" data-element_type=\"section\">\n\t\t\t\t\t\t<div class=\"elementor-container elementor-column-gap-default\">\n\t\t\t\t\t<div class=\"elementor-column elementor-col-100 elementor-top-column elementor-element elementor-element-40d7997\" data-id=\"40d7997\" data-element_type=\"column\">\n\t\t\t<div class=\"elementor-widget-wrap elementor-element-populated\">\n\t\t\t\t\t\t<div class=\"elementor-element elementor-element-0fc6127 elementor-widget elementor-widget-heading\" data-id=\"0fc6127\" data-element_type=\"widget\" data-widget_type=\"heading.default\">\n\t\t\t\t<div class=\"elementor-widget-container\">\n\t\t\t<style>\/*! elementor - v3.22.0 - 26-06-2024 *\/\n.elementor-heading-title{padding:0;margin:0;line-height:1}.elementor-widget-heading .elementor-heading-title[class*=elementor-size-]>a{color:inherit;font-size:inherit;line-height:inherit}.elementor-widget-heading .elementor-heading-title.elementor-size-small{font-size:15px}.elementor-widget-heading .elementor-heading-title.elementor-size-medium{font-size:19px}.elementor-widget-heading .elementor-heading-title.elementor-size-large{font-size:29px}.elementor-widget-heading .elementor-heading-title.elementor-size-xl{font-size:39px}.elementor-widget-heading .elementor-heading-title.elementor-size-xxl{font-size:59px}<\/style><h2 class=\"elementor-heading-title elementor-size-default\">ANDREAS LEFTER<\/h2>\t\t<\/div>\n\t\t\t\t<\/div>\n\t\t\t\t\t<\/div>\n\t\t<\/div>\n\t\t\t\t\t<\/div>\n\t\t<\/section>\n\t\t\t\t<section class=\"elementor-section elementor-top-section elementor-element elementor-element-448e2d3 elementor-section-boxed elementor-section-height-default elementor-section-height-default\" data-id=\"448e2d3\" data-element_type=\"section\">\n\t\t\t\t\t\t<div class=\"elementor-container elementor-column-gap-default\">\n\t\t\t\t\t<div class=\"elementor-column elementor-col-100 elementor-top-column elementor-element elementor-element-454ceb0\" data-id=\"454ceb0\" data-element_type=\"column\">\n\t\t\t<div class=\"elementor-widget-wrap elementor-element-populated\">\n\t\t\t\t\t\t<div class=\"elementor-element elementor-element-e6f7db9 elementor-widget elementor-widget-text-editor\" data-id=\"e6f7db9\" data-element_type=\"widget\" data-widget_type=\"text-editor.default\">\n\t\t\t\t<div class=\"elementor-widget-container\">\n\t\t\t<style>\/*! elementor - v3.22.0 - 26-06-2024 *\/\n.elementor-widget-text-editor.elementor-drop-cap-view-stacked .elementor-drop-cap{background-color:#69727d;color:#fff}.elementor-widget-text-editor.elementor-drop-cap-view-framed .elementor-drop-cap{color:#69727d;border:3px solid;background-color:transparent}.elementor-widget-text-editor:not(.elementor-drop-cap-view-default) .elementor-drop-cap{margin-top:8px}.elementor-widget-text-editor:not(.elementor-drop-cap-view-default) .elementor-drop-cap-letter{width:1em;height:1em}.elementor-widget-text-editor .elementor-drop-cap{float:left;text-align:center;line-height:1;font-size:50px}.elementor-widget-text-editor .elementor-drop-cap-letter{display:inline-block}<\/style>\t\t\t\t<p>Faptul c\u0103 ador Grecia, pe care o consider una dintre cele mai frumoase \u021b\u0103ri din lume \u0219i o destina\u021bie turistic\u0103 de top, m-a determinat s\u0103 activez \u00een domeniul imobiliar.<\/p><p>\u00cemi place s\u0103 vizitez locuri noi, s\u0103 cunosc \u0219i s\u0103 interac\u021bionez cu oamenii, s\u0103 descop\u0103r propriet\u0103\u021bi disponibile spre v\u00e2nzare, combin\u00e2nd astfel domeniul de activitate cu pasiunea mea pentru c\u0103l\u0103torii.<\/p><p>Este demn de men\u021bionat faptul c\u0103 85% din teritoriul Greciei const\u0103 \u00een destina\u021bii turistice. Cei peste 16.000 de kilometri de coast\u0103, cele aproximativ 6.000 de insule de toate m\u0103rimile, pozi\u021bia bine-cunoscut\u0103 pe pia\u021ba global\u0103 a turismului, c\u00e2t \u0219i peisajele magice pe care le ofer\u0103 la fiecare pas, fac din Grecia destina\u021bia ideal\u0103 pentru o \u201e<strong><b>cas\u0103 \u00een paradis<\/b><\/strong>\u201d! Dac\u0103 sunte\u021bi \u00een c\u0103utarea unei <strong><b>case de vacan\u021ba<\/b><\/strong>\u00a0\u00eentr-un peisaj idilic, l\u00e2ng\u0103 plaje unde apele limpezi \u0219i cristaline se \u00eempletesc cu nisipul fin \u0219i auriu, sunte\u021bi la biroul potrivit! A\u0219adar, dac\u0103 dori\u021bi s\u0103 locui\u021bi \u00eentr-un adev\u0103rat paradis pe p\u0103m\u00e2nt, \u00eel ve\u021bi g\u0103si cu ajutorul agen\u021bie noastre, care v\u0103 ofer\u0103 asisten\u021b\u0103 \u0219i \u00eendrumare adecvat\u0103 \u00een achizi\u021bionarea re\u0219edin\u021bei ideale, pe care o putem alege \u00eempreun\u0103, din ampla gam\u0103 de imobile pe care le oferim, \u00een majoritate amplasate la malul m\u0103rii. \u00a0<\/p><p>Pentru noi, orientarea c\u0103tre clien\u021bi \u0219i rela\u021bia cu ace\u0219tia este esen\u021bial\u0103. Gestion\u0103m cu profesionalism \u0219i consecven\u021b\u0103 v\u00e2nz\u0103rile \u0219i \u00eenchirierile de imobile pe \u00eentreg teritoriul Greciei, at\u00e2t pe partea continental\u0103, c\u00e2t \u0219i pe insule. V\u0103 ascult\u0103m nevoile \u0219i dorin\u021bele, v\u0103 oferim sfaturi personalizate, fiabilitate \u0219i servicii de management \u0219i promovare a propriet\u0103\u021bii de \u00eenalt\u0103 calitate.<\/p><p>Mama mea, Lavinia Artemys Vasilopoulou Lefter, fiind <strong><b>avocat at\u00e2t \u00een \u200b\u200bcadrul Baroului din Atena<\/b><\/strong>, c\u00e2t \u0219i al Baroului Bucure\u0219ti, \u00eemi acord\u0103 sprijinul necesar, oferind o gam\u0103 larg\u0103 de servicii juridice (cum ar fi verificarea titlurilor de proprietate imobiliar\u0103, consultan\u021b\u0103 juridic\u0103 complet\u0103 pe parcursul negocierii \u0219i p\u00e2n\u0103 la finalizarea \u0219i semnarea contractului de v\u00e2nzare, \u00eenchiriere sau orice alt\u0103 form\u0103 de administrare a imobilului) \u0219i venind \u00een sprijinul clien\u021bilor no\u0219tri la fiecare pas p\u00e2n\u0103 la achizi\u021bionarea imobilului.<\/p><p>Vorbind limba dvs., suntem \u00een m\u0103sur\u0103 s\u0103 dezvolt\u0103m rela\u021bii de \u00eencredere cu clien\u021bii no\u0219tri, oferindu-v\u0103 servicii rapide si de calitate, bazate at\u00e2t pe principiile \u0219i cuno\u0219tin\u021bele profesionale, c\u00e2t \u0219i pe experien\u021ba acumulat\u0103, garant\u00e2nd un r\u0103spuns ferm \u0219i discret la orice solicitare. \u00a0<\/p>\t\t\t\t\t\t<\/div>\n\t\t\t\t<\/div>\n\t\t\t\t\t<\/div>\n\t\t<\/div>\n\t\t\t\t\t<\/div>\n\t\t<\/section>\n\t\t\t\t<section class=\"elementor-section elementor-top-section elementor-element elementor-element-3f19f865 elementor-section-content-middle elementor-section-boxed elementor-section-height-default elementor-section-height-default\" data-id=\"3f19f865\" data-element_type=\"section\">\n\t\t\t\t\t\t<div class=\"elementor-container elementor-column-gap-no\">\n\t\t\t\t\t<div class=\"elementor-column elementor-col-100 elementor-top-column elementor-element elementor-element-448bc7cb\" data-id=\"448bc7cb\" data-element_type=\"column\">\n\t\t\t<div class=\"elementor-widget-wrap elementor-element-populated\">\n\t\t\t\t\t\t<div class=\"elementor-element elementor-element-5bcb8fb9 elementor-widget elementor-widget-heading\" data-id=\"5bcb8fb9\" data-element_type=\"widget\" data-widget_type=\"heading.default\">\n\t\t\t\t<div class=\"elementor-widget-container\">\n\t\t\t<h4 class=\"elementor-heading-title elementor-size-default\">Servicii<\/h4>\t\t<\/div>\n\t\t\t\t<\/div>\n\t\t\t\t<section class=\"elementor-section elementor-inner-section elementor-element elementor-element-9fdcac7 elementor-section-content-middle elementor-section-boxed elementor-section-height-default elementor-section-height-default\" data-id=\"9fdcac7\" data-element_type=\"section\">\n\t\t\t\t\t\t<div class=\"elementor-container elementor-column-gap-no\">\n\t\t\t\t\t<div class=\"elementor-column elementor-col-50 elementor-inner-column elementor-element elementor-element-7b4a3760\" data-id=\"7b4a3760\" data-element_type=\"column\">\n\t\t\t<div class=\"elementor-widget-wrap elementor-element-populated\">\n\t\t\t\t\t\t<div class=\"elementor-element elementor-element-7dcf7f21 elementor-position-top elementor-widget elementor-widget-image-box\" data-id=\"7dcf7f21\" data-element_type=\"widget\" data-widget_type=\"image-box.default\">\n\t\t\t\t<div class=\"elementor-widget-container\">\n\t\t\t<style>\/*! elementor - v3.22.0 - 26-06-2024 *\/\n.elementor-widget-image-box .elementor-image-box-content{width:100%}@media (min-width:768px){.elementor-widget-image-box.elementor-position-left .elementor-image-box-wrapper,.elementor-widget-image-box.elementor-position-right .elementor-image-box-wrapper{display:flex}.elementor-widget-image-box.elementor-position-right .elementor-image-box-wrapper{text-align:end;flex-direction:row-reverse}.elementor-widget-image-box.elementor-position-left .elementor-image-box-wrapper{text-align:start;flex-direction:row}.elementor-widget-image-box.elementor-position-top .elementor-image-box-img{margin:auto}.elementor-widget-image-box.elementor-vertical-align-top .elementor-image-box-wrapper{align-items:flex-start}.elementor-widget-image-box.elementor-vertical-align-middle .elementor-image-box-wrapper{align-items:center}.elementor-widget-image-box.elementor-vertical-align-bottom .elementor-image-box-wrapper{align-items:flex-end}}@media (max-width:767px){.elementor-widget-image-box .elementor-image-box-img{margin-left:auto!important;margin-right:auto!important;margin-bottom:15px}}.elementor-widget-image-box .elementor-image-box-img{display:inline-block}.elementor-widget-image-box .elementor-image-box-title a{color:inherit}.elementor-widget-image-box .elementor-image-box-wrapper{text-align:center}.elementor-widget-image-box .elementor-image-box-description{margin:0}<\/style><div class=\"elementor-image-box-wrapper\"><figure class=\"elementor-image-box-img\"><a href=\"https:\/\/real-estate-in-greece.com\/ro\/services\/property-management\/\" tabindex=\"-1\"><img fetchpriority=\"high\" decoding=\"async\" width=\"512\" height=\"512\" src=\"https:\/\/real-estate-in-greece.com\/wp-content\/uploads\/2023\/04\/asset-management-1.png\" class=\"elementor-animation-grow attachment-full size-full wp-image-17423\" alt=\"\" srcset=\"https:\/\/real-estate-in-greece.com\/wp-content\/uploads\/2023\/04\/asset-management-1.png 512w, https:\/\/real-estate-in-greece.com\/wp-content\/uploads\/2023\/04\/asset-management-1-300x300.png 300w, https:\/\/real-estate-in-greece.com\/wp-content\/uploads\/2023\/04\/asset-management-1-150x150.png 150w, https:\/\/real-estate-in-greece.com\/wp-content\/uploads\/2023\/04\/asset-management-1-496x496.png 496w\" sizes=\"(max-width: 512px) 100vw, 512px\" \/><\/a><\/figure><div class=\"elementor-image-box-content\"><h3 class=\"elementor-image-box-title\"><a href=\"https:\/\/real-estate-in-greece.com\/ro\/services\/property-management\/\">Managementul proprietatii<\/a><\/h3><p class=\"elementor-image-box-description\">Managementul propriet\u0103\u021bii este procesul de gestionare \u0219i \u00eentre\u021binere a propriet\u0103\u021bilor imobiliare \u00een numele proprietarului.<\/p><\/div><\/div>\t\t<\/div>\n\t\t\t\t<\/div>\n\t\t\t\t\t<\/div>\n\t\t<\/div>\n\t\t\t\t<div class=\"elementor-column elementor-col-50 elementor-inner-column elementor-element elementor-element-7142c687\" data-id=\"7142c687\" data-element_type=\"column\">\n\t\t\t<div class=\"elementor-widget-wrap elementor-element-populated\">\n\t\t\t\t\t\t<div class=\"elementor-element elementor-element-732375a2 elementor-position-top elementor-widget elementor-widget-image-box\" data-id=\"732375a2\" data-element_type=\"widget\" data-widget_type=\"image-box.default\">\n\t\t\t\t<div class=\"elementor-widget-container\">\n\t\t\t<div class=\"elementor-image-box-wrapper\"><figure class=\"elementor-image-box-img\"><a href=\"https:\/\/real-estate-in-greece.com\/ro\/services\/legal-support\/\" tabindex=\"-1\"><img decoding=\"async\" src=\"https:\/\/real-estate-in-greece.com\/wp-content\/uploads\/2020\/02\/shacking-hands-1.png\" title=\"\" alt=\"\" class=\"elementor-animation-grow\" loading=\"lazy\" \/><\/a><\/figure><div class=\"elementor-image-box-content\"><h3 class=\"elementor-image-box-title\"><a href=\"https:\/\/real-estate-in-greece.com\/ro\/services\/legal-support\/\">Suport juridic<\/a><\/h3><p class=\"elementor-image-box-description\">Atunci c\u00e2nd cump\u0103ra\u021bi o proprietate \u00een Grecia, este important s\u0103 efectua\u021bi o verificare juridic\u0103, cunoscut\u0103 \u0219i sub numele de revizuire a obliga\u021biei de diligen\u021b\u0103, pentru a v\u0103 asigura c\u0103 proprietatea este liber\u0103 de orice sarcini, probleme sau datorii juridice.<\/p><\/div><\/div>\t\t<\/div>\n\t\t\t\t<\/div>\n\t\t\t\t\t<\/div>\n\t\t<\/div>\n\t\t\t\t\t<\/div>\n\t\t<\/section>\n\t\t\t\t<section class=\"elementor-section elementor-inner-section elementor-element elementor-element-71c3eef elementor-section-content-middle elementor-section-boxed elementor-section-height-default elementor-section-height-default\" data-id=\"71c3eef\" data-element_type=\"section\">\n\t\t\t\t\t\t<div class=\"elementor-container elementor-column-gap-no\">\n\t\t\t\t\t<div class=\"elementor-column elementor-col-50 elementor-inner-column elementor-element elementor-element-f4de92c\" data-id=\"f4de92c\" data-element_type=\"column\">\n\t\t\t<div class=\"elementor-widget-wrap elementor-element-populated\">\n\t\t\t\t\t\t<div class=\"elementor-element elementor-element-48bd979 elementor-position-top elementor-widget elementor-widget-image-box\" data-id=\"48bd979\" data-element_type=\"widget\" data-widget_type=\"image-box.default\">\n\t\t\t\t<div class=\"elementor-widget-container\">\n\t\t\t<div class=\"elementor-image-box-wrapper\"><figure class=\"elementor-image-box-img\"><a href=\"https:\/\/real-estate-in-greece.com\/ro\/services\/golden-visa\/\" tabindex=\"-1\"><img decoding=\"async\" width=\"512\" height=\"512\" src=\"https:\/\/real-estate-in-greece.com\/wp-content\/uploads\/2023\/04\/stamp.png\" class=\"elementor-animation-grow attachment-full size-full wp-image-17424\" alt=\"\" srcset=\"https:\/\/real-estate-in-greece.com\/wp-content\/uploads\/2023\/04\/stamp.png 512w, https:\/\/real-estate-in-greece.com\/wp-content\/uploads\/2023\/04\/stamp-300x300.png 300w, https:\/\/real-estate-in-greece.com\/wp-content\/uploads\/2023\/04\/stamp-150x150.png 150w, https:\/\/real-estate-in-greece.com\/wp-content\/uploads\/2023\/04\/stamp-496x496.png 496w\" sizes=\"(max-width: 512px) 100vw, 512px\" \/><\/a><\/figure><div class=\"elementor-image-box-content\"><h3 class=\"elementor-image-box-title\"><a href=\"https:\/\/real-estate-in-greece.com\/ro\/services\/golden-visa\/\">Golden Visa<\/a><\/h3><p class=\"elementor-image-box-description\">Aceasta viz\u0103 de \u0219edere \u00een func\u021bie de investi\u021bii, eliberat\u0103 cet\u0103\u021benilor din afara UE care aduc o contribu\u021bie semnificativ\u0103 la economia Greciei, cunoscut\u0103 sub numele de Viza de Aur, reprezint\u0103 unul dintre cele mai populare programe de vize de investi\u021bii din UE.<\/p><\/div><\/div>\t\t<\/div>\n\t\t\t\t<\/div>\n\t\t\t\t\t<\/div>\n\t\t<\/div>\n\t\t\t\t<div class=\"elementor-column elementor-col-50 elementor-inner-column elementor-element elementor-element-fbb0308\" data-id=\"fbb0308\" data-element_type=\"column\">\n\t\t\t<div class=\"elementor-widget-wrap elementor-element-populated\">\n\t\t\t\t\t\t<div class=\"elementor-element elementor-element-0094d16 elementor-position-top elementor-widget elementor-widget-image-box\" data-id=\"0094d16\" data-element_type=\"widget\" data-widget_type=\"image-box.default\">\n\t\t\t\t<div class=\"elementor-widget-container\">\n\t\t\t<div class=\"elementor-image-box-wrapper\"><figure class=\"elementor-image-box-img\"><a href=\"https:\/\/real-estate-in-greece.com\/ro\/services\/translations\/\" tabindex=\"-1\"><img decoding=\"async\" width=\"512\" height=\"512\" src=\"https:\/\/real-estate-in-greece.com\/wp-content\/uploads\/2023\/04\/translating.png\" class=\"elementor-animation-grow attachment-full size-full wp-image-17425\" alt=\"\" srcset=\"https:\/\/real-estate-in-greece.com\/wp-content\/uploads\/2023\/04\/translating.png 512w, https:\/\/real-estate-in-greece.com\/wp-content\/uploads\/2023\/04\/translating-300x300.png 300w, https:\/\/real-estate-in-greece.com\/wp-content\/uploads\/2023\/04\/translating-150x150.png 150w, https:\/\/real-estate-in-greece.com\/wp-content\/uploads\/2023\/04\/translating-496x496.png 496w\" sizes=\"(max-width: 512px) 100vw, 512px\" \/><\/a><\/figure><div class=\"elementor-image-box-content\"><h3 class=\"elementor-image-box-title\"><a href=\"https:\/\/real-estate-in-greece.com\/ro\/services\/translations\/\">Traducere<\/a><\/h3><p class=\"elementor-image-box-description\">Efectu\u0103m traduceri autorizate \u0219i legalizate din\/\u00een rom\u00e2n\u0103 \u0219i greac\u0103 pentru orice tip de documente, mama mea fiind \u0219i traduc\u0103tor autorizat.<\/p><\/div><\/div>\t\t<\/div>\n\t\t\t\t<\/div>\n\t\t\t\t\t<\/div>\n\t\t<\/div>\n\t\t\t\t\t<\/div>\n\t\t<\/section>\n\t\t\t\t\t<\/div>\n\t\t<\/div>\n\t\t\t\t\t<\/div>\n\t\t<\/section>\n\t\t\t\t<\/div>\n\t\t","protected":false},"excerpt":{"rendered":"<p>ANDREAS LEFTER Faptul c\u0103 ador Grecia, pe care o consider una dintre cele mai frumoase \u021b\u0103ri din lume \u0219i o destina\u021bie turistic\u0103 de top, m-a determinat s\u0103 activez \u00een domeniul imobiliar. \u00cemi place s\u0103 vizitez locuri noi, s\u0103 cunosc \u0219i s\u0103 interac\u021bionez cu oamenii, s\u0103 descop\u0103r propriet\u0103\u021bi disponibile spre v\u00e2nzare, combin\u00e2nd astfel domeniul de activitate [&hellip;]<\/p>\n","protected":false},"author":4,"featured_media":0,"parent":0,"menu_order":0,"comment_status":"closed","ping_status":"closed","template":"elementor_header_footer","meta":{"footnotes":""},"class_list":["post-17911","page","type-page","status-publish","hentry"],"_links":{"self":[{"href":"https:\/\/real-estate-in-greece.com\/ro\/wp-json\/wp\/v2\/pages\/17911","targetHints":{"allow":["GET"]}}],"collection":[{"href":"https:\/\/real-estate-in-greece.com\/ro\/wp-json\/wp\/v2\/pages"}],"about":[{"href":"https:\/\/real-estate-in-greece.com\/ro\/wp-json\/wp\/v2\/types\/page"}],"author":[{"embeddable":true,"href":"https:\/\/real-estate-in-greece.com\/ro\/wp-json\/wp\/v2\/users\/4"}],"replies":[{"embeddable":true,"href":"https:\/\/real-estate-in-greece.com\/ro\/wp-json\/wp\/v2\/comments?post=17911"}],"version-history":[{"count":14,"href":"https:\/\/real-estate-in-greece.com\/ro\/wp-json\/wp\/v2\/pages\/17911\/revisions"}],"predecessor-version":[{"id":18329,"href":"https:\/\/real-estate-in-greece.com\/ro\/wp-json\/wp\/v2\/pages\/17911\/revisions\/18329"}],"wp:attachment":[{"href":"https:\/\/real-estate-in-greece.com\/ro\/wp-json\/wp\/v2\/media?parent=17911"}],"curies":[{"name":"wp","href":"https:\/\/api.w.org\/{rel}","templated":true}]}}