{"id":17905,"date":"2023-02-04T17:51:50","date_gmt":"2023-02-04T17:51:50","guid":{"rendered":"https:\/\/real-estate-gr.create-site.gr\/?page_id=17905"},"modified":"2023-05-23T08:31:54","modified_gmt":"2023-05-23T08:31:54","slug":"politica-de-confidentialitate","status":"publish","type":"page","link":"https:\/\/real-estate-in-greece.com\/ro\/politica-de-confidentialitate\/","title":{"rendered":"Politica de confiden\u021bialitate"},"content":{"rendered":"<p>Utilizatorii sunt \u00eencuraja\u021bi s\u0103 citeasc\u0103 cu aten\u021bie aceast\u0103 politic\u0103 de confiden\u021bialitate \u00eenainte de a utiliza acest site web sau de a trimite orice informa\u021bii personale. Prin utilizarea site-ului, utilizatorii accept\u0103 practicile descrise \u00een aceast\u0103 politic\u0103 de confiden\u021bialitate, care pot fi modificate, dar orice modific\u0103ri vor fi postate.<\/p>\n<p><strong><b>Modulele cookie<\/b><\/strong><\/p>\n<p>Func\u021bia lor principal\u0103 este interac\u021biunea datelor browserului utilizatorilor cu site-ul nostru web. \u00cen func\u021bie de durata lor, cookie-urile sunt fie temporare (cookie-uri de sesiune), fie cookie-uri persistente. Cookie-urile temporare sunt cookie-uri care sunt \u0219terse automat atunci c\u00e2nd \u00eenchide\u021bi browserul, \u00een timp ce cookie-urile persistente r\u0103m\u00e2n stocate pe dispozitivul dumneavoastr\u0103 p\u00e2n\u0103 la atingerea perioadei lor de valabilitate predeterminate.<\/p>\n<p>Cookie-urile \u0219i tehnologia de urm\u0103rire sunt utile pentru colectarea de informa\u021bii, cum ar fi tipul de browser \u0219i sistemul de operare, urm\u0103rirea num\u0103rului de vizitatori ai site-ului web \u0219i \u00een\u021belegerea modului \u00een care vizitatorii utilizeaz\u0103 site-ul web. Cookie-urile pot ajuta, de asemenea, la personalizarea site-ului web pentru vizitatori. Informa\u021biile cu caracter personal nu pot fi colectate prin intermediul cookie-urilor \u0219i al altor tehnologii de urm\u0103rire, cu toate acestea, dac\u0103 a\u021bi furnizat anterior informa\u021bii de identificare personal\u0103, cookie-urile pot fi legate de astfel de informa\u021bii. Cookie-urile agregate \u0219i informa\u021biile de urm\u0103rire pot fi partajate cu ter\u021be p\u0103r\u021bi.<\/p>\n<p><strong><b>Colectarea de informa\u021bii <\/b><\/strong><\/p>\n<p>Prin utilizarea acestui site web, utilizatorii sunt de acord s\u0103 \u00ee\u0219i dea consim\u021b\u0103m\u00e2ntul pentru colectarea, utilizarea \u0219i partajarea informa\u021biilor lor personale, a\u0219a cum este descris. Informa\u021biile cu caracter personal sunt definite ca orice informa\u021bii care identific\u0103 o anumit\u0103 persoan\u0103, cum ar fi numele persoanei, adresa po\u0219tal\u0103, adresa de e-mail, num\u0103rul de telefon mobil \u0219i orice alt identificator care indic\u0103 persoanei respective. Aceste informa\u021bii pe care le furnizeaz\u0103 sunt utilizate numai pentru a-\u0219i \u00eendeplini cererea specific\u0103, cu excep\u021bia cazului \u00een care ne dau permisiunea de a le utiliza \u00eentr-un alt mod.<\/p>\n<p><strong><b>Distribuirea informa\u021biilor<\/b><\/strong><\/p>\n<p>Compania poate transfera datele cu caracter personal ale utilizatorilor c\u0103tre \u021b\u0103ri ter\u021be din afara UE dac\u0103:<\/p>\n<p>&#8211; \u021aara ter\u021b\u0103 asigur\u0103 un nivel adecvat de protec\u021bie \u00een conformitate cu Comisia European\u0103 sau<\/p>\n<p>&#8211; Au fost oferite garantii corespunzatoare pentru prelucrarea datelor de catre destinatar, in conditiile legii.<\/p>\n<p>\u00cen cazul \u00een care nu se aplic\u0103 nici una dintre condi\u021biile de mai sus, un transfer poate avea loc dac\u0103:<\/p>\n<p>&#8211; Utilizatorii au furnizat companiei noastre consim\u021b\u0103m\u00e2ntul lor expres pentru acest lucru sau<\/p>\n<p>&#8211; Transferul este necesar pentru executarea contractului cu compania noastra, cum ar fi executarea instructiunilor acestora.<\/p>\n<p>&#8211; Transmiterea este necesar\u0103 pentru stabilirea sau exercitarea revendic\u0103rilor legale sau pentru ap\u0103rarea drepturilor noastre.<\/p>\n<p><strong><b>Confiden\u021bialitatea copiilor<\/b><\/strong><\/p>\n<p>Compania nu este conceput\u0103 \u00een mod inten\u021bionat sau direc\u021bionat\u0103 c\u0103tre persoane cu v\u00e2rsta mai mic\u0103 de 18 ani \u0219i nu permite cu bun\u0103 \u0219tiin\u021b\u0103 niciunei persoane care are sub 18 ani s\u0103 se \u00eenregistreze la servicii sau s\u0103 furnizeze orice alte informa\u021bii de identificare personal\u0103. Cu toate acestea, consider\u0103m c\u0103 este responsabilitatea p\u0103rin\u021bilor s\u0103 monitorizeze utilizarea serviciilor noastre de c\u0103tre copiii lor. Cu toate acestea, \u00een cazul \u00een care compania constat\u0103 c\u0103 orice informa\u021bii de identificare personal\u0103 ale unor persoane cu v\u00e2rsta mai mic\u0103 de 18 ani au fost colectate f\u0103r\u0103 consim\u021b\u0103m\u00e2ntul verificat al p\u0103rin\u021bilor, atunci compania va lua m\u0103surile corespunz\u0103toare pentru a \u0219terge orice astfel de informa\u021bii \u0219i pentru a notifica p\u0103rintele.<\/p>\n<p><strong><b>Durata stoc\u0103rii informa\u021biilor<\/b><\/strong><\/p>\n<p>P\u0103str\u0103m informa\u021biile pe care le-am colectat nu mai mult dec\u00e2t este necesar. Acest lucru este determinat de la caz la caz. V\u0103 vom \u0219terge informa\u021biile ori de c\u00e2te ori ne solicita\u021bi acest lucru. Cu toate acestea, este posibil s\u0103 arhiv\u0103m \u0219i\/sau s\u0103 p\u0103str\u0103m unele informa\u021bii \u00een scopuri legale.<\/p>\n<p><strong><b>Drepturile utilizatorilor \u00een temeiul DGPR<\/b><\/strong><\/p>\n<p>Dreptul de acces al persoanei vizate (art. 15), dreptul la rectificare (art. 16), dreptul la \u0219tergere (art. 17), dreptul la restric\u021bionarea prelucr\u0103rii (art. 18), dreptul la portabilitatea datelor (art. 20), dreptul la opozi\u021bie (art. 21), dreptul la reziliere.<\/p>\n<p><strong><b>Legea aplicabil\u0103<\/b><\/strong><\/p>\n<p>Pentru orice litigiu juridic ap\u0103rut cu privire la aplicarea sau interpretarea termenilor de mai sus, legea aplicabil\u0103 este legea greac\u0103. Instan\u021bele competente sunt instan\u021bele din districtul \u00een care se afl\u0103 bunul.<\/p>\n","protected":false},"excerpt":{"rendered":"<p>Utilizatorii sunt \u00eencuraja\u021bi s\u0103 citeasc\u0103 cu aten\u021bie aceast\u0103 politic\u0103 de confiden\u021bialitate \u00eenainte de a utiliza acest site web sau de a trimite orice informa\u021bii personale. Prin utilizarea site-ului, utilizatorii accept\u0103 practicile descrise \u00een aceast\u0103 politic\u0103 de confiden\u021bialitate, care pot fi modificate, dar orice modific\u0103ri vor fi postate. Modulele cookie Func\u021bia lor principal\u0103 este interac\u021biunea datelor [&hellip;]<\/p>\n","protected":false},"author":4,"featured_media":0,"parent":0,"menu_order":0,"comment_status":"closed","ping_status":"open","template":"","meta":{"footnotes":""},"class_list":["post-17905","page","type-page","status-publish","hentry"],"_links":{"self":[{"href":"https:\/\/real-estate-in-greece.com\/ro\/wp-json\/wp\/v2\/pages\/17905","targetHints":{"allow":["GET"]}}],"collection":[{"href":"https:\/\/real-estate-in-greece.com\/ro\/wp-json\/wp\/v2\/pages"}],"about":[{"href":"https:\/\/real-estate-in-greece.com\/ro\/wp-json\/wp\/v2\/types\/page"}],"author":[{"embeddable":true,"href":"https:\/\/real-estate-in-greece.com\/ro\/wp-json\/wp\/v2\/users\/4"}],"replies":[{"embeddable":true,"href":"https:\/\/real-estate-in-greece.com\/ro\/wp-json\/wp\/v2\/comments?post=17905"}],"version-history":[{"count":2,"href":"https:\/\/real-estate-in-greece.com\/ro\/wp-json\/wp\/v2\/pages\/17905\/revisions"}],"predecessor-version":[{"id":18189,"href":"https:\/\/real-estate-in-greece.com\/ro\/wp-json\/wp\/v2\/pages\/17905\/revisions\/18189"}],"wp:attachment":[{"href":"https:\/\/real-estate-in-greece.com\/ro\/wp-json\/wp\/v2\/media?parent=17905"}],"curies":[{"name":"wp","href":"https:\/\/api.w.org\/{rel}","templated":true}]}}