{"id":17902,"date":"2023-04-26T04:14:18","date_gmt":"2023-04-26T04:14:18","guid":{"rendered":"https:\/\/real-estate-gr.create-site.gr\/property-management\/"},"modified":"2025-03-19T08:36:17","modified_gmt":"2025-03-19T08:36:17","slug":"property-management","status":"publish","type":"page","link":"https:\/\/real-estate-in-greece.com\/ro\/services\/property-management\/","title":{"rendered":"Property Management"},"content":{"rendered":"\t\t<div data-elementor-type=\"wp-page\" data-elementor-id=\"17902\" class=\"elementor elementor-17902 elementor-4172\">\n\t\t\t\t\t\t<section class=\"elementor-section elementor-top-section elementor-element elementor-element-9892279 elementor-section-boxed elementor-section-height-default elementor-section-height-default\" data-id=\"9892279\" data-element_type=\"section\">\n\t\t\t\t\t\t<div class=\"elementor-container elementor-column-gap-default\">\n\t\t\t\t\t<div class=\"elementor-column elementor-col-100 elementor-top-column elementor-element elementor-element-398b635\" data-id=\"398b635\" data-element_type=\"column\">\n\t\t\t<div class=\"elementor-widget-wrap elementor-element-populated\">\n\t\t\t\t\t\t<div class=\"elementor-element elementor-element-f601202 elementor-widget elementor-widget-spacer\" data-id=\"f601202\" data-element_type=\"widget\" data-widget_type=\"spacer.default\">\n\t\t\t\t<div class=\"elementor-widget-container\">\n\t\t\t<style>\/*! elementor - v3.22.0 - 26-06-2024 *\/\n.elementor-column .elementor-spacer-inner{height:var(--spacer-size)}.e-con{--container-widget-width:100%}.e-con-inner>.elementor-widget-spacer,.e-con>.elementor-widget-spacer{width:var(--container-widget-width,var(--spacer-size));--align-self:var(--container-widget-align-self,initial);--flex-shrink:0}.e-con-inner>.elementor-widget-spacer>.elementor-widget-container,.e-con>.elementor-widget-spacer>.elementor-widget-container{height:100%;width:100%}.e-con-inner>.elementor-widget-spacer>.elementor-widget-container>.elementor-spacer,.e-con>.elementor-widget-spacer>.elementor-widget-container>.elementor-spacer{height:100%}.e-con-inner>.elementor-widget-spacer>.elementor-widget-container>.elementor-spacer>.elementor-spacer-inner,.e-con>.elementor-widget-spacer>.elementor-widget-container>.elementor-spacer>.elementor-spacer-inner{height:var(--container-widget-height,var(--spacer-size))}.e-con-inner>.elementor-widget-spacer.elementor-widget-empty,.e-con>.elementor-widget-spacer.elementor-widget-empty{position:relative;min-height:22px;min-width:22px}.e-con-inner>.elementor-widget-spacer.elementor-widget-empty .elementor-widget-empty-icon,.e-con>.elementor-widget-spacer.elementor-widget-empty .elementor-widget-empty-icon{position:absolute;top:0;bottom:0;left:0;right:0;margin:auto;padding:0;width:22px;height:22px}<\/style>\t\t<div class=\"elementor-spacer\">\n\t\t\t<div class=\"elementor-spacer-inner\"><\/div>\n\t\t<\/div>\n\t\t\t\t<\/div>\n\t\t\t\t<\/div>\n\t\t\t\t<div class=\"elementor-element elementor-element-f5d25ee elementor-widget elementor-widget-text-editor\" data-id=\"f5d25ee\" data-element_type=\"widget\" data-widget_type=\"text-editor.default\">\n\t\t\t\t<div class=\"elementor-widget-container\">\n\t\t\t<style>\/*! elementor - v3.22.0 - 26-06-2024 *\/\n.elementor-widget-text-editor.elementor-drop-cap-view-stacked .elementor-drop-cap{background-color:#69727d;color:#fff}.elementor-widget-text-editor.elementor-drop-cap-view-framed .elementor-drop-cap{color:#69727d;border:3px solid;background-color:transparent}.elementor-widget-text-editor:not(.elementor-drop-cap-view-default) .elementor-drop-cap{margin-top:8px}.elementor-widget-text-editor:not(.elementor-drop-cap-view-default) .elementor-drop-cap-letter{width:1em;height:1em}.elementor-widget-text-editor .elementor-drop-cap{float:left;text-align:center;line-height:1;font-size:50px}.elementor-widget-text-editor .elementor-drop-cap-letter{display:inline-block}<\/style>\t\t\t\t<p><strong>Managementul propriet\u0103\u021bii imobiliare: servicii esen\u021biale pentru proprietari<\/strong><\/p><p>Managementul propriet\u0103\u021bii este un proces complex care implic\u0103 administrarea \u0219i \u00eentre\u021binerea propriet\u0103\u021bilor imobiliare \u00een numele proprietarului. Un serviciu eficient de administrare imobiliar\u0103 asigur\u0103 maximizarea rentabilit\u0103\u021bii investi\u021biei, men\u021binerea propriet\u0103\u021bii \u00een stare optim\u0103 \u0219i respectarea tuturor reglement\u0103rilor legale.<\/p><p><strong>Principalele aspecte ale managementului propriet\u0103\u021bii<\/strong><\/p><ol><li><strong> Colectarea chiriilor<\/strong><\/li><\/ol><p>Un administrator de propriet\u0103\u021bi se ocup\u0103 de colectarea chiriilor de la chiria\u0219i, asigur\u00e2ndu-se c\u0103 pl\u0103\u021bile sunt efectuate la timp. Acest lucru contribuie la un flux constant de venituri pentru proprietari.<\/p><ol start=\"2\"><li><strong> Gestionarea chiria\u0219ilor<\/strong><\/li><\/ol><p>Administrarea propriet\u0103\u021bii include selec\u021bia chiria\u0219ilor potrivi\u021bi, semnarea contractelor de \u00eenchiriere, gestionarea solicit\u0103rilor acestora \u0219i rezolvarea problemelor ap\u0103rute pe parcursul perioadei de \u00eenchiriere.<\/p><ol start=\"3\"><li><strong> \u00centre\u021binerea propriet\u0103\u021bii<\/strong><\/li><\/ol><p>O proprietate bine \u00eentre\u021binut\u0103 atrage chiria\u0219i de calitate. Administratorii de propriet\u0103\u021bi coordoneaz\u0103 inspec\u021biile periodice, repara\u021biile necesare \u0219i activit\u0103\u021bile de cur\u0103\u021benie.<\/p><ol start=\"4\"><li><strong> Managementul financiar<\/strong><\/li><\/ol><p>Gestionarea propriet\u0103\u021bii implic\u0103 \u021binea eviden\u021bei financiare, preg\u0103tirea bugetelor, plata facturilor \u0219i a impozitelor aferente.<\/p><ol start=\"5\"><li><strong> Marketing \u0219i publicitate<\/strong><\/li><\/ol><p>Pentru a atrage chiria\u0219i de calitate, managerii de propriet\u0103\u021bi promoveaz\u0103 anun\u021buri imobiliare atractive, organizeaz\u0103 vizion\u0103ri \u0219i negociaz\u0103 contracte de \u00eenchiriere avantajoase.<\/p><ol start=\"6\"><li><strong> Conformitate juridic\u0103<\/strong><\/li><\/ol><p>Un serviciu de administrare imobiliar\u0103 asigur\u0103 respectarea tuturor reglement\u0103rilor legale privind locuin\u021bele, s\u0103n\u0103tatea \u0219i siguran\u021ba chiria\u0219ilor.<\/p><p><strong>Beneficiile colabor\u0103rii cu un administrator de propriet\u0103\u021bi<\/strong><\/p><p>Prin externalizarea administr\u0103rii imobiliare, proprietarii pot beneficia de:<\/p><ul><li>Gestionare eficient\u0103 \u0219i profesionist\u0103 a propriet\u0103\u021bii<\/li><li>Reducerea riscurilor legale \u0219i financiare<\/li><li>Optimizarea profitabilit\u0103\u021bii investi\u021biei<\/li><\/ul><p>Dac\u0103 de\u021bine\u021bi o proprietate \u00een Grecia \u0219i dore\u0219ti s\u0103 ai o administrare eficient\u0103, colaborarea cu un specialist \u00een managementul propriet\u0103\u021bii este solu\u021bia ideal\u0103!<\/p><p>\u00a0<\/p>\t\t\t\t\t\t<\/div>\n\t\t\t\t<\/div>\n\t\t\t\t\t<\/div>\n\t\t<\/div>\n\t\t\t\t\t<\/div>\n\t\t<\/section>\n\t\t\t\t<\/div>\n\t\t","protected":false},"excerpt":{"rendered":"<p>Managementul propriet\u0103\u021bii imobiliare: servicii esen\u021biale pentru proprietari Managementul propriet\u0103\u021bii este un proces complex care implic\u0103 administrarea \u0219i \u00eentre\u021binerea propriet\u0103\u021bilor imobiliare \u00een numele proprietarului. Un serviciu eficient de administrare imobiliar\u0103 asigur\u0103 maximizarea rentabilit\u0103\u021bii investi\u021biei, men\u021binerea propriet\u0103\u021bii \u00een stare optim\u0103 \u0219i respectarea tuturor reglement\u0103rilor legale. Principalele aspecte ale managementului propriet\u0103\u021bii Colectarea chiriilor Un administrator de propriet\u0103\u021bi se [&hellip;]<\/p>\n","protected":false},"author":4,"featured_media":0,"parent":17903,"menu_order":0,"comment_status":"closed","ping_status":"closed","template":"elementor_header_footer","meta":{"footnotes":""},"class_list":["post-17902","page","type-page","status-publish","hentry"],"_links":{"self":[{"href":"https:\/\/real-estate-in-greece.com\/ro\/wp-json\/wp\/v2\/pages\/17902","targetHints":{"allow":["GET"]}}],"collection":[{"href":"https:\/\/real-estate-in-greece.com\/ro\/wp-json\/wp\/v2\/pages"}],"about":[{"href":"https:\/\/real-estate-in-greece.com\/ro\/wp-json\/wp\/v2\/types\/page"}],"author":[{"embeddable":true,"href":"https:\/\/real-estate-in-greece.com\/ro\/wp-json\/wp\/v2\/users\/4"}],"replies":[{"embeddable":true,"href":"https:\/\/real-estate-in-greece.com\/ro\/wp-json\/wp\/v2\/comments?post=17902"}],"version-history":[{"count":7,"href":"https:\/\/real-estate-in-greece.com\/ro\/wp-json\/wp\/v2\/pages\/17902\/revisions"}],"predecessor-version":[{"id":19032,"href":"https:\/\/real-estate-in-greece.com\/ro\/wp-json\/wp\/v2\/pages\/17902\/revisions\/19032"}],"up":[{"embeddable":true,"href":"https:\/\/real-estate-in-greece.com\/ro\/wp-json\/wp\/v2\/pages\/17903"}],"wp:attachment":[{"href":"https:\/\/real-estate-in-greece.com\/ro\/wp-json\/wp\/v2\/media?parent=17902"}],"curies":[{"name":"wp","href":"https:\/\/api.w.org\/{rel}","templated":true}]}}