{"id":17900,"date":"2023-04-26T04:15:08","date_gmt":"2023-04-26T04:15:08","guid":{"rendered":"https:\/\/real-estate-gr.create-site.gr\/golden-visa\/"},"modified":"2025-03-19T08:25:35","modified_gmt":"2025-03-19T08:25:35","slug":"golden-visa","status":"publish","type":"page","link":"https:\/\/real-estate-in-greece.com\/ro\/services\/golden-visa\/","title":{"rendered":"Golden Visa"},"content":{"rendered":"\t\t<div data-elementor-type=\"wp-page\" data-elementor-id=\"17900\" class=\"elementor elementor-17900 elementor-4176\">\n\t\t\t\t\t\t<section class=\"elementor-section elementor-top-section elementor-element elementor-element-fec2fab elementor-section-boxed elementor-section-height-default elementor-section-height-default\" data-id=\"fec2fab\" data-element_type=\"section\">\n\t\t\t\t\t\t<div class=\"elementor-container elementor-column-gap-default\">\n\t\t\t\t\t<div class=\"elementor-column elementor-col-100 elementor-top-column elementor-element elementor-element-e0e8c1a\" data-id=\"e0e8c1a\" data-element_type=\"column\">\n\t\t\t<div class=\"elementor-widget-wrap elementor-element-populated\">\n\t\t\t\t\t\t<div class=\"elementor-element elementor-element-82dc696 elementor-widget elementor-widget-spacer\" data-id=\"82dc696\" data-element_type=\"widget\" data-widget_type=\"spacer.default\">\n\t\t\t\t<div class=\"elementor-widget-container\">\n\t\t\t<style>\/*! elementor - v3.22.0 - 26-06-2024 *\/\n.elementor-column .elementor-spacer-inner{height:var(--spacer-size)}.e-con{--container-widget-width:100%}.e-con-inner>.elementor-widget-spacer,.e-con>.elementor-widget-spacer{width:var(--container-widget-width,var(--spacer-size));--align-self:var(--container-widget-align-self,initial);--flex-shrink:0}.e-con-inner>.elementor-widget-spacer>.elementor-widget-container,.e-con>.elementor-widget-spacer>.elementor-widget-container{height:100%;width:100%}.e-con-inner>.elementor-widget-spacer>.elementor-widget-container>.elementor-spacer,.e-con>.elementor-widget-spacer>.elementor-widget-container>.elementor-spacer{height:100%}.e-con-inner>.elementor-widget-spacer>.elementor-widget-container>.elementor-spacer>.elementor-spacer-inner,.e-con>.elementor-widget-spacer>.elementor-widget-container>.elementor-spacer>.elementor-spacer-inner{height:var(--container-widget-height,var(--spacer-size))}.e-con-inner>.elementor-widget-spacer.elementor-widget-empty,.e-con>.elementor-widget-spacer.elementor-widget-empty{position:relative;min-height:22px;min-width:22px}.e-con-inner>.elementor-widget-spacer.elementor-widget-empty .elementor-widget-empty-icon,.e-con>.elementor-widget-spacer.elementor-widget-empty .elementor-widget-empty-icon{position:absolute;top:0;bottom:0;left:0;right:0;margin:auto;padding:0;width:22px;height:22px}<\/style>\t\t<div class=\"elementor-spacer\">\n\t\t\t<div class=\"elementor-spacer-inner\"><\/div>\n\t\t<\/div>\n\t\t\t\t<\/div>\n\t\t\t\t<\/div>\n\t\t\t\t\t<\/div>\n\t\t<\/div>\n\t\t\t\t\t<\/div>\n\t\t<\/section>\n\t\t\t\t<section class=\"elementor-section elementor-top-section elementor-element elementor-element-1254f29 elementor-section-boxed elementor-section-height-default elementor-section-height-default\" data-id=\"1254f29\" data-element_type=\"section\">\n\t\t\t\t\t\t<div class=\"elementor-container elementor-column-gap-default\">\n\t\t\t\t\t<div class=\"elementor-column elementor-col-100 elementor-top-column elementor-element elementor-element-4b4d6fd\" data-id=\"4b4d6fd\" data-element_type=\"column\">\n\t\t\t<div class=\"elementor-widget-wrap elementor-element-populated\">\n\t\t\t\t\t\t<div class=\"elementor-element elementor-element-2444585 elementor-widget elementor-widget-text-editor\" data-id=\"2444585\" data-element_type=\"widget\" data-widget_type=\"text-editor.default\">\n\t\t\t\t<div class=\"elementor-widget-container\">\n\t\t\t<style>\/*! elementor - v3.22.0 - 26-06-2024 *\/\n.elementor-widget-text-editor.elementor-drop-cap-view-stacked .elementor-drop-cap{background-color:#69727d;color:#fff}.elementor-widget-text-editor.elementor-drop-cap-view-framed .elementor-drop-cap{color:#69727d;border:3px solid;background-color:transparent}.elementor-widget-text-editor:not(.elementor-drop-cap-view-default) .elementor-drop-cap{margin-top:8px}.elementor-widget-text-editor:not(.elementor-drop-cap-view-default) .elementor-drop-cap-letter{width:1em;height:1em}.elementor-widget-text-editor .elementor-drop-cap{float:left;text-align:center;line-height:1;font-size:50px}.elementor-widget-text-editor .elementor-drop-cap-letter{display:inline-block}<\/style>\t\t\t\t<p><strong>Valoarea minim\u0103 a propriet\u0103\u021bii pentru achizi\u021bie \u00een Grecia<\/strong><\/p><p><strong>Reguli actualizate privind valoarea minim\u0103 a imobilelor<\/strong><\/p><p>Valoarea minim\u0103 a propriet\u0103\u021bii necesar\u0103 pentru achizi\u021bie \u00een cadrul programului Golden Visa a fost actualizat\u0103 conform modific\u0103rilor Legii 4251\/2014. Noile reglement\u0103ri sunt urm\u0103toarele:<\/p><ul><li><strong>500.000 de euro<\/strong> \u2013 pentru achizi\u021biile imobiliare \u00een urm\u0103toarele zone:<ul><li>Unit\u0103\u021bile Regionale din nordul, centrul \u0219i sudul Atenei<\/li><li>Municipalitatea Vari-Voula-Vouliagmeni (Attica)<\/li><li>Municipalitatea Salonic<\/li><li>Unit\u0103\u021bile Regionale Mykonos \u0219i Santorini (Regiunea Marea Egee de Sud)<\/li><\/ul><\/li><li><strong>250.000 de euro<\/strong> \u2013 pentru restul \u021b\u0103rii, valoarea minim\u0103 a investi\u021biei r\u0103m\u00e2ne neschimbat\u0103.<\/li><\/ul><p><strong>Num\u0103rul de propriet\u0103\u021bi permise<\/strong><\/p><ul><li><strong>Investi\u021bie de minimum 500.000 de euro<\/strong> \u2013 Se poate realiza doar prin achizi\u021bia unei singure propriet\u0103\u021bi.<\/li><li><strong>Investi\u021bie de minimum 250.000 de euro<\/strong> \u2013 Poate fi realizat\u0103 prin achizi\u021bia uneia sau a mai multor propriet\u0103\u021bi.<\/li><\/ul><p>Aceste reglement\u0103ri sunt esen\u021biale pentru investitorii interesa\u021bi de achizi\u021bii imobiliare \u00een Grecia, oferind claritate asupra criteriilor minime de investi\u021bie necesare pentru ob\u021binerea dreptului de reziden\u021b\u0103.<\/p>\t\t\t\t\t\t<\/div>\n\t\t\t\t<\/div>\n\t\t\t\t\t<\/div>\n\t\t<\/div>\n\t\t\t\t\t<\/div>\n\t\t<\/section>\n\t\t\t\t<\/div>\n\t\t","protected":false},"excerpt":{"rendered":"<p>Valoarea minim\u0103 a propriet\u0103\u021bii pentru achizi\u021bie \u00een Grecia Reguli actualizate privind valoarea minim\u0103 a imobilelor Valoarea minim\u0103 a propriet\u0103\u021bii necesar\u0103 pentru achizi\u021bie \u00een cadrul programului Golden Visa a fost actualizat\u0103 conform modific\u0103rilor Legii 4251\/2014. Noile reglement\u0103ri sunt urm\u0103toarele: 500.000 de euro \u2013 pentru achizi\u021biile imobiliare \u00een urm\u0103toarele zone: Unit\u0103\u021bile Regionale din nordul, centrul \u0219i sudul [&hellip;]<\/p>\n","protected":false},"author":4,"featured_media":0,"parent":17903,"menu_order":0,"comment_status":"closed","ping_status":"closed","template":"elementor_header_footer","meta":{"footnotes":""},"class_list":["post-17900","page","type-page","status-publish","hentry"],"_links":{"self":[{"href":"https:\/\/real-estate-in-greece.com\/ro\/wp-json\/wp\/v2\/pages\/17900","targetHints":{"allow":["GET"]}}],"collection":[{"href":"https:\/\/real-estate-in-greece.com\/ro\/wp-json\/wp\/v2\/pages"}],"about":[{"href":"https:\/\/real-estate-in-greece.com\/ro\/wp-json\/wp\/v2\/types\/page"}],"author":[{"embeddable":true,"href":"https:\/\/real-estate-in-greece.com\/ro\/wp-json\/wp\/v2\/users\/4"}],"replies":[{"embeddable":true,"href":"https:\/\/real-estate-in-greece.com\/ro\/wp-json\/wp\/v2\/comments?post=17900"}],"version-history":[{"count":6,"href":"https:\/\/real-estate-in-greece.com\/ro\/wp-json\/wp\/v2\/pages\/17900\/revisions"}],"predecessor-version":[{"id":19026,"href":"https:\/\/real-estate-in-greece.com\/ro\/wp-json\/wp\/v2\/pages\/17900\/revisions\/19026"}],"up":[{"embeddable":true,"href":"https:\/\/real-estate-in-greece.com\/ro\/wp-json\/wp\/v2\/pages\/17903"}],"wp:attachment":[{"href":"https:\/\/real-estate-in-greece.com\/ro\/wp-json\/wp\/v2\/media?parent=17900"}],"curies":[{"name":"wp","href":"https:\/\/api.w.org\/{rel}","templated":true}]}}