{"id":17898,"date":"2023-04-26T04:15:31","date_gmt":"2023-04-26T04:15:31","guid":{"rendered":"https:\/\/real-estate-gr.create-site.gr\/translations\/"},"modified":"2025-03-19T08:37:36","modified_gmt":"2025-03-19T08:37:36","slug":"translations","status":"publish","type":"page","link":"https:\/\/real-estate-in-greece.com\/ro\/services\/translations\/","title":{"rendered":"Traduceri"},"content":{"rendered":"\t\t<div data-elementor-type=\"wp-page\" data-elementor-id=\"17898\" class=\"elementor elementor-17898 elementor-4178\">\n\t\t\t\t\t\t<section class=\"elementor-section elementor-top-section elementor-element elementor-element-9298ef3 elementor-section-boxed elementor-section-height-default elementor-section-height-default\" data-id=\"9298ef3\" data-element_type=\"section\">\n\t\t\t\t\t\t<div class=\"elementor-container elementor-column-gap-default\">\n\t\t\t\t\t<div class=\"elementor-column elementor-col-100 elementor-top-column elementor-element elementor-element-f181d46\" data-id=\"f181d46\" data-element_type=\"column\">\n\t\t\t<div class=\"elementor-widget-wrap elementor-element-populated\">\n\t\t\t\t\t\t<div class=\"elementor-element elementor-element-9a9f83b elementor-widget elementor-widget-spacer\" data-id=\"9a9f83b\" data-element_type=\"widget\" data-widget_type=\"spacer.default\">\n\t\t\t\t<div class=\"elementor-widget-container\">\n\t\t\t<style>\/*! elementor - v3.22.0 - 26-06-2024 *\/\n.elementor-column .elementor-spacer-inner{height:var(--spacer-size)}.e-con{--container-widget-width:100%}.e-con-inner>.elementor-widget-spacer,.e-con>.elementor-widget-spacer{width:var(--container-widget-width,var(--spacer-size));--align-self:var(--container-widget-align-self,initial);--flex-shrink:0}.e-con-inner>.elementor-widget-spacer>.elementor-widget-container,.e-con>.elementor-widget-spacer>.elementor-widget-container{height:100%;width:100%}.e-con-inner>.elementor-widget-spacer>.elementor-widget-container>.elementor-spacer,.e-con>.elementor-widget-spacer>.elementor-widget-container>.elementor-spacer{height:100%}.e-con-inner>.elementor-widget-spacer>.elementor-widget-container>.elementor-spacer>.elementor-spacer-inner,.e-con>.elementor-widget-spacer>.elementor-widget-container>.elementor-spacer>.elementor-spacer-inner{height:var(--container-widget-height,var(--spacer-size))}.e-con-inner>.elementor-widget-spacer.elementor-widget-empty,.e-con>.elementor-widget-spacer.elementor-widget-empty{position:relative;min-height:22px;min-width:22px}.e-con-inner>.elementor-widget-spacer.elementor-widget-empty .elementor-widget-empty-icon,.e-con>.elementor-widget-spacer.elementor-widget-empty .elementor-widget-empty-icon{position:absolute;top:0;bottom:0;left:0;right:0;margin:auto;padding:0;width:22px;height:22px}<\/style>\t\t<div class=\"elementor-spacer\">\n\t\t\t<div class=\"elementor-spacer-inner\"><\/div>\n\t\t<\/div>\n\t\t\t\t<\/div>\n\t\t\t\t<\/div>\n\t\t\t\t<div class=\"elementor-element elementor-element-d00cdfb elementor-widget elementor-widget-text-editor\" data-id=\"d00cdfb\" data-element_type=\"widget\" data-widget_type=\"text-editor.default\">\n\t\t\t\t<div class=\"elementor-widget-container\">\n\t\t\t<style>\/*! elementor - v3.22.0 - 26-06-2024 *\/\n.elementor-widget-text-editor.elementor-drop-cap-view-stacked .elementor-drop-cap{background-color:#69727d;color:#fff}.elementor-widget-text-editor.elementor-drop-cap-view-framed .elementor-drop-cap{color:#69727d;border:3px solid;background-color:transparent}.elementor-widget-text-editor:not(.elementor-drop-cap-view-default) .elementor-drop-cap{margin-top:8px}.elementor-widget-text-editor:not(.elementor-drop-cap-view-default) .elementor-drop-cap-letter{width:1em;height:1em}.elementor-widget-text-editor .elementor-drop-cap{float:left;text-align:center;line-height:1;font-size:50px}.elementor-widget-text-editor .elementor-drop-cap-letter{display:inline-block}<\/style>\t\t\t\t<p><strong>Servicii profesionale de traduceri autorizate \u0219i legalizate<\/strong><\/p><p>Oferim traduceri autorizate \u0219i legalizate din \u0219i \u00een limba rom\u00e2n\u0103 \u0219i greac\u0103 pentru orice tip de documente. Cu o vast\u0103 experien\u021b\u0103 \u00een domeniu, mama mea este at\u00e2t avocat, c\u00e2t \u0219i traduc\u0103tor autorizat, asigur\u00e2nd traduceri precise \u0219i conforme cu cerin\u021bele legale.<\/p><p><strong>De ce s\u0103 ne alege\u021bi?<\/strong><\/p><ul><li><strong>Experien\u021b\u0103 \u0219i profesionalism<\/strong> \u2013 Cunoa\u0219tem perfect limbile \u0219i terminologia juridic\u0103 necesar\u0103.<\/li><li><strong>Rela\u021bie de \u00eencredere cu clien\u021bii<\/strong> \u2013 Vorbim limba ta \u0219i \u00ee\u021bi oferim sprijin complet \u00een procesul de achizi\u021bie imobiliar\u0103.<\/li><li><strong>Servicii complete<\/strong> \u2013 Oferim at\u00e2t traduceri, c\u00e2t \u0219i consultan\u021b\u0103 juridic\u0103 pentru documentele imobiliare.<\/li><\/ul><p>Pentru traduceri \u00een alte limbi, colabor\u0103m cu traduc\u0103tori autoriza\u021bi, garant\u00e2nd acurate\u021bea \u0219i legalitatea fiec\u0103rui document.<\/p><p>Contacteaz\u0103-ne pentru traduceri rapide \u0219i de calitate!<\/p><p>Pentru alte limbi firma noastra colaboreaz\u0103 cu traduc\u0103tori autoriza\u021bi.<\/p>\t\t\t\t\t\t<\/div>\n\t\t\t\t<\/div>\n\t\t\t\t\t<\/div>\n\t\t<\/div>\n\t\t\t\t\t<\/div>\n\t\t<\/section>\n\t\t\t\t<\/div>\n\t\t","protected":false},"excerpt":{"rendered":"<p>Servicii profesionale de traduceri autorizate \u0219i legalizate Oferim traduceri autorizate \u0219i legalizate din \u0219i \u00een limba rom\u00e2n\u0103 \u0219i greac\u0103 pentru orice tip de documente. Cu o vast\u0103 experien\u021b\u0103 \u00een domeniu, mama mea este at\u00e2t avocat, c\u00e2t \u0219i traduc\u0103tor autorizat, asigur\u00e2nd traduceri precise \u0219i conforme cu cerin\u021bele legale. De ce s\u0103 ne alege\u021bi? Experien\u021b\u0103 \u0219i profesionalism [&hellip;]<\/p>\n","protected":false},"author":4,"featured_media":0,"parent":17903,"menu_order":0,"comment_status":"closed","ping_status":"closed","template":"elementor_header_footer","meta":{"footnotes":""},"class_list":["post-17898","page","type-page","status-publish","hentry"],"_links":{"self":[{"href":"https:\/\/real-estate-in-greece.com\/ro\/wp-json\/wp\/v2\/pages\/17898","targetHints":{"allow":["GET"]}}],"collection":[{"href":"https:\/\/real-estate-in-greece.com\/ro\/wp-json\/wp\/v2\/pages"}],"about":[{"href":"https:\/\/real-estate-in-greece.com\/ro\/wp-json\/wp\/v2\/types\/page"}],"author":[{"embeddable":true,"href":"https:\/\/real-estate-in-greece.com\/ro\/wp-json\/wp\/v2\/users\/4"}],"replies":[{"embeddable":true,"href":"https:\/\/real-estate-in-greece.com\/ro\/wp-json\/wp\/v2\/comments?post=17898"}],"version-history":[{"count":7,"href":"https:\/\/real-estate-in-greece.com\/ro\/wp-json\/wp\/v2\/pages\/17898\/revisions"}],"predecessor-version":[{"id":19035,"href":"https:\/\/real-estate-in-greece.com\/ro\/wp-json\/wp\/v2\/pages\/17898\/revisions\/19035"}],"up":[{"embeddable":true,"href":"https:\/\/real-estate-in-greece.com\/ro\/wp-json\/wp\/v2\/pages\/17903"}],"wp:attachment":[{"href":"https:\/\/real-estate-in-greece.com\/ro\/wp-json\/wp\/v2\/media?parent=17898"}],"curies":[{"name":"wp","href":"https:\/\/api.w.org\/{rel}","templated":true}]}}